{"id":1289,"date":"2025-08-11T13:45:06","date_gmt":"2025-08-11T13:45:06","guid":{"rendered":"https:\/\/raremorocco.com\/?post_type=product&#038;p=1289"},"modified":"2025-08-11T16:31:20","modified_gmt":"2025-08-11T16:31:20","slug":"sushi-crepes-sucrees","status":"publish","type":"product","link":"https:\/\/raremorocco.com\/es\/product\/sushi-crepes-sucrees\/","title":{"rendered":"Sushi Cr\u00eapes Sucr\u00e9es"},"content":{"rendered":"<ul>\n<li>Cr\u00eape noisette &amp; croustillant noisette.<\/li>\n<li>Cr\u00eape Nutella banane.<\/li>\n<li>Cr\u00eape chocolat framboise &amp; croustillant noisette.<\/li>\n<li>Cr\u00eape Oreo &amp; croustillant chocolat Oreo.<\/li>\n<li>Cr\u00eape pistache &amp; konafa pistache.<\/li>\n<li>Cr\u00eape Lotus, cr\u00e8me et biscuits Lotus.<\/li>\n<\/ul>\n<p>.Cr\u00eape coco &amp; croustillant blanc amande<\/p>","protected":false},"excerpt":{"rendered":"<p>Cr\u00eape noisette &amp; croustillant noisette. Cr\u00eape Nutella banane. Cr\u00eape chocolat framboise &amp; croustillant noisette. Cr\u00eape Oreo &amp; croustillant chocolat Oreo. Cr\u00eape pistache &amp; konafa pistache. Cr\u00eape Lotus, cr\u00e8me et biscuits Lotus. .Cr\u00eape coco &amp; croustillant blanc amande<\/p>","protected":false},"featured_media":1293,"comment_status":"open","ping_status":"closed","template":"","meta":[],"product_brand":[],"product_cat":[73],"product_tag":[],"class_list":{"0":"post-1289","1":"product","2":"type-product","3":"status-publish","4":"has-post-thumbnail","6":"product_cat-douceurs-sucrees","8":"first","9":"instock","10":"taxable","11":"shipping-taxable","12":"purchasable","13":"product-type-simple"},"_links":{"self":[{"href":"https:\/\/raremorocco.com\/es\/wp-json\/wp\/v2\/product\/1289","targetHints":{"allow":["GET"]}}],"collection":[{"href":"https:\/\/raremorocco.com\/es\/wp-json\/wp\/v2\/product"}],"about":[{"href":"https:\/\/raremorocco.com\/es\/wp-json\/wp\/v2\/types\/product"}],"replies":[{"embeddable":true,"href":"https:\/\/raremorocco.com\/es\/wp-json\/wp\/v2\/comments?post=1289"}],"wp:featuredmedia":[{"embeddable":true,"href":"https:\/\/raremorocco.com\/es\/wp-json\/wp\/v2\/media\/1293"}],"wp:attachment":[{"href":"https:\/\/raremorocco.com\/es\/wp-json\/wp\/v2\/media?parent=1289"}],"wp:term":[{"taxonomy":"product_brand","embeddable":true,"href":"https:\/\/raremorocco.com\/es\/wp-json\/wp\/v2\/product_brand?post=1289"},{"taxonomy":"product_cat","embeddable":true,"href":"https:\/\/raremorocco.com\/es\/wp-json\/wp\/v2\/product_cat?post=1289"},{"taxonomy":"product_tag","embeddable":true,"href":"https:\/\/raremorocco.com\/es\/wp-json\/wp\/v2\/product_tag?post=1289"}],"curies":[{"name":"wp","href":"https:\/\/api.w.org\/{rel}","templated":true}]}}