{"id":1282,"date":"2025-08-11T13:35:14","date_gmt":"2025-08-11T13:35:14","guid":{"rendered":"https:\/\/raremorocco.com\/?post_type=product&#038;p=1282"},"modified":"2025-08-11T16:35:30","modified_gmt":"2025-08-11T16:35:30","slug":"crepe-cajou","status":"publish","type":"product","link":"https:\/\/raremorocco.com\/es\/product\/crepe-cajou\/","title":{"rendered":"Cr\u00eape cajou"},"content":{"rendered":"<p>3 cr\u00eapes fines garnies de croustillant konafa cajou, napp\u00e9es de sauce cajou maison, d\u00e9cor\u00e9es de cajous entiers<\/p>","protected":false},"excerpt":{"rendered":"<p>3 cr\u00eapes fines garnies de croustillant konafa cajou, napp\u00e9es de sauce cajou maison, d\u00e9cor\u00e9es de cajous entiers<\/p>","protected":false},"featured_media":1296,"comment_status":"open","ping_status":"closed","template":"","meta":[],"product_brand":[],"product_cat":[73],"product_tag":[],"class_list":{"0":"post-1282","1":"product","2":"type-product","3":"status-publish","4":"has-post-thumbnail","6":"product_cat-douceurs-sucrees","8":"first","9":"instock","10":"taxable","11":"shipping-taxable","12":"purchasable","13":"product-type-simple"},"_links":{"self":[{"href":"https:\/\/raremorocco.com\/es\/wp-json\/wp\/v2\/product\/1282","targetHints":{"allow":["GET"]}}],"collection":[{"href":"https:\/\/raremorocco.com\/es\/wp-json\/wp\/v2\/product"}],"about":[{"href":"https:\/\/raremorocco.com\/es\/wp-json\/wp\/v2\/types\/product"}],"replies":[{"embeddable":true,"href":"https:\/\/raremorocco.com\/es\/wp-json\/wp\/v2\/comments?post=1282"}],"wp:featuredmedia":[{"embeddable":true,"href":"https:\/\/raremorocco.com\/es\/wp-json\/wp\/v2\/media\/1296"}],"wp:attachment":[{"href":"https:\/\/raremorocco.com\/es\/wp-json\/wp\/v2\/media?parent=1282"}],"wp:term":[{"taxonomy":"product_brand","embeddable":true,"href":"https:\/\/raremorocco.com\/es\/wp-json\/wp\/v2\/product_brand?post=1282"},{"taxonomy":"product_cat","embeddable":true,"href":"https:\/\/raremorocco.com\/es\/wp-json\/wp\/v2\/product_cat?post=1282"},{"taxonomy":"product_tag","embeddable":true,"href":"https:\/\/raremorocco.com\/es\/wp-json\/wp\/v2\/product_tag?post=1282"}],"curies":[{"name":"wp","href":"https:\/\/api.w.org\/{rel}","templated":true}]}}